{"id":1161,"date":"2024-12-19T12:32:35","date_gmt":"2024-12-19T09:32:35","guid":{"rendered":"https:\/\/outloud.fi\/?page_id=1161"},"modified":"2024-12-19T12:56:10","modified_gmt":"2024-12-19T09:56:10","slug":"tietosuojaseloste","status":"publish","type":"page","link":"https:\/\/outloud.fi\/en\/nakorata\/tietosuojaseloste\/","title":{"rendered":"Tietosuojaseloste"},"content":{"rendered":"<h1>Privacy Policy for N\u00e4k\u00f6rata Research<\/h1>\n<h2>Developer<\/h2>\n<p>Outloud Oy<br \/>\nTampere, Finland<\/p>\n<h3>Application Functionality and Data Collection<\/h3>\n<p>N\u00e4k\u00f6rata Research is a research version of the N\u00e4k\u00f6rata application, developed for lip-reading practice. The application collects usage data and task results on the device\u2019s internal storage for research purposes. These results are extracted directly from the device to the researchers at the end of the study, either via cable or Bluetooth connection.<\/p>\n<p>The application downloads videos from a server located in Finland. The service provider, \"Louhi Networks,\" may store the user\u2019s IP address during video downloads. Outloud cannot link IP addresses to individual users.<\/p>\n<h3>Advertisements and Purchases<\/h3>\n<p>The application does not contain advertisements or in-app purchases.<\/p>\n<h3>Additional Information<\/h3>\n<p>If you require further details, please contact us at:<br \/>\ninfo@outloud.fi<\/p>\n<p>File created: 21 December 2023<\/p>\n<h3>Updates<\/h3>\n<p>\u2013 22 December 2023: Replaced English privacy statement with Finnish version<\/p>","protected":false},"excerpt":{"rendered":"<p>N\u00e4k\u00f6rata-tutkimus tietosuojak\u00e4yt\u00e4nt\u00f6 Kehitt\u00e4j\u00e4 Outloud Oy Tampere Sovelluksen toiminta ja datan  [&#8230;]<\/p>\n","protected":false},"author":1,"featured_media":0,"parent":1158,"menu_order":0,"comment_status":"closed","ping_status":"closed","template":"100-width.php","meta":{"footnotes":""},"class_list":["post-1161","page","type-page","status-publish","hentry"],"_links":{"self":[{"href":"https:\/\/outloud.fi\/en\/wp-json\/wp\/v2\/pages\/1161","targetHints":{"allow":["GET"]}}],"collection":[{"href":"https:\/\/outloud.fi\/en\/wp-json\/wp\/v2\/pages"}],"about":[{"href":"https:\/\/outloud.fi\/en\/wp-json\/wp\/v2\/types\/page"}],"author":[{"embeddable":true,"href":"https:\/\/outloud.fi\/en\/wp-json\/wp\/v2\/users\/1"}],"replies":[{"embeddable":true,"href":"https:\/\/outloud.fi\/en\/wp-json\/wp\/v2\/comments?post=1161"}],"version-history":[{"count":3,"href":"https:\/\/outloud.fi\/en\/wp-json\/wp\/v2\/pages\/1161\/revisions"}],"predecessor-version":[{"id":1164,"href":"https:\/\/outloud.fi\/en\/wp-json\/wp\/v2\/pages\/1161\/revisions\/1164"}],"up":[{"embeddable":true,"href":"https:\/\/outloud.fi\/en\/wp-json\/wp\/v2\/pages\/1158"}],"wp:attachment":[{"href":"https:\/\/outloud.fi\/en\/wp-json\/wp\/v2\/media?parent=1161"}],"curies":[{"name":"wp","href":"https:\/\/api.w.org\/{rel}","templated":true}]}}