{"id":846,"date":"2024-04-16T11:56:18","date_gmt":"2024-04-16T08:56:18","guid":{"rendered":"https:\/\/outloud.fi\/?page_id=846"},"modified":"2024-04-29T13:11:26","modified_gmt":"2024-04-29T10:11:26","slug":"fysioterapia","status":"publish","type":"page","link":"https:\/\/outloud.fi\/en\/fysioterapia\/","title":{"rendered":"Fysioterapia"},"content":{"rendered":"<p><div class=\"fusion-fullwidth fullwidth-box fusion-builder-row-1 fusion-flex-container has-pattern-background has-mask-background layout-common layout-physiotherapy nonhundred-percent-fullwidth non-hundred-percent-height-scrolling\" style=\"--awb-border-radius-top-left:0px;--awb-border-radius-top-right:0px;--awb-border-radius-bottom-right:0px;--awb-border-radius-bottom-left:0px;--awb-flex-wrap:wrap;\" ><div class=\"fusion-builder-row fusion-row fusion-flex-align-items-flex-start fusion-flex-justify-content-center fusion-flex-content-wrap\" style=\"max-width:calc( 1880px + 0px );margin-left: calc(-0px \/ 2 );margin-right: calc(-0px \/ 2 );\"><div class=\"fusion-layout-column fusion_builder_column fusion-builder-column-0 fusion-flex-column fusion-flex-align-self-stretch text-container\" style=\"--awb-padding-top:36px;--awb-padding-right:56px;--awb-padding-bottom:56px;--awb-padding-left:56px;--awb-overflow:hidden;--awb-bg-color:#f7f3ee;--awb-bg-color-hover:#f7f3ee;--awb-bg-size:cover;--awb-border-radius:60px 0px 0px 10vw;--awb-width-large:40%;--awb-margin-top-large:0px;--awb-spacing-right-large:0px;--awb-margin-bottom-large:20px;--awb-spacing-left-large:0px;--awb-width-medium:40%;--awb-order-medium:0;--awb-spacing-right-medium:0px;--awb-spacing-left-medium:0px;--awb-width-small:100%;--awb-order-small:0;--awb-spacing-right-small:0px;--awb-spacing-left-small:0px;\" data-scroll-devices=\"small-visibility,medium-visibility,large-visibility\"><div class=\"fusion-column-wrapper fusion-column-has-shadow fusion-flex-justify-content-flex-start fusion-content-layout-column fusion-content-nowrap\"><div class=\"fusion-title title fusion-title-1 fusion-sep-none fusion-title-text fusion-title-size-one\"><h1 class=\"fusion-title-heading title-heading-left\" style=\"margin:0;\">Fysioterapia<\/h1><\/div><div class=\"fusion-text fusion-text-1\"><p>Fysioterapiassa edistet\u00e4\u00e4n liikkumis- ja toimintakyky\u00e4 hoitamalla kokonaisvaltaisesti erilaisia kehon kiputiloja ja toimintah\u00e4iri\u00f6it\u00e4. Fysioterapia aloitetaan aina asiakkaan l\u00e4ht\u00f6tilanteen kartoituksella, ja hoidossa hy\u00f6dynnet\u00e4\u00e4n ohjausta ja neuvontaa, terapeuttista harjoittelua sek\u00e4 manuaalista terapiaa, jotka tukeutuvat vahvasti tutkittuun n\u00e4ytt\u00f6\u00f6n. Asiakkaan aktiivinen osallistuminen hoitoon lis\u00e4\u00e4 fysioterapian vaikutusta.<\/p>\n<\/div><\/div><\/div><div class=\"fusion-layout-column fusion_builder_column fusion-builder-column-1 fusion-flex-column fusion-flex-align-self-stretch image-container\" style=\"--awb-overflow:hidden;--awb-bg-color:#f7f3ee;--awb-bg-color-hover:#f7f3ee;--awb-bg-size:cover;--awb-border-radius:0px 60px 60px 0px;--awb-width-large:60%;--awb-margin-top-large:0px;--awb-spacing-right-large:0px;--awb-margin-bottom-large:20px;--awb-spacing-left-large:0px;--awb-width-medium:60%;--awb-order-medium:0;--awb-spacing-right-medium:0px;--awb-spacing-left-medium:0px;--awb-width-small:100%;--awb-order-small:0;--awb-spacing-right-small:0px;--awb-spacing-left-small:0px;\" data-scroll-devices=\"small-visibility,medium-visibility,large-visibility\"><div class=\"fusion-column-wrapper lazyload fusion-column-has-shadow fusion-flex-justify-content-flex-start fusion-content-layout-column fusion-content-nowrap fusion-empty-column-bg-image fusion-column-has-bg-image\" data-bg-url=\"https:\/\/outloud.fi\/wp-content\/uploads\/2024\/04\/fysioterapia.jpg\" data-bg=\"https:\/\/outloud.fi\/wp-content\/uploads\/2024\/04\/fysioterapia.jpg\"><img decoding=\"async\" class=\"fusion-empty-dims-img-placeholder\" aria-label=\"Fysioterapia\" src=\"data:image\/svg+xml,%3Csvg%20xmlns%3D%27http%3A%2F%2Fwww.w3.org%2F2000%2Fsvg%27%20width%3D%27960%27%20height%3D%27960%27%20viewBox%3D%270%200%20960%20960%27%3E%3Crect%20width%3D%27960%27%20height%3D%27960%27%20fill-opacity%3D%220%22%2F%3E%3C%2Fsvg%3E\"><\/div><\/div><\/div><\/div><div class=\"fusion-fullwidth fullwidth-box fusion-builder-row-2 fusion-flex-container has-pattern-background has-mask-background layout-common nonhundred-percent-fullwidth non-hundred-percent-height-scrolling\" style=\"--awb-border-radius-top-left:0px;--awb-border-radius-top-right:0px;--awb-border-radius-bottom-right:0px;--awb-border-radius-bottom-left:0px;--awb-flex-wrap:wrap;\" ><div class=\"fusion-builder-row fusion-row fusion-flex-align-items-flex-start fusion-flex-content-wrap\" style=\"max-width:1955.2px;margin-left: calc(-4% \/ 2 );margin-right: calc(-4% \/ 2 );\"><div class=\"fusion-layout-column fusion_builder_column fusion-builder-column-2 fusion_builder_column_1_2 1_2 fusion-flex-column\" style=\"--awb-bg-size:cover;--awb-width-large:50%;--awb-margin-top-large:0px;--awb-spacing-right-large:3.84%;--awb-margin-bottom-large:20px;--awb-spacing-left-large:3.84%;--awb-width-medium:50%;--awb-order-medium:0;--awb-spacing-right-medium:3.84%;--awb-spacing-left-medium:3.84%;--awb-width-small:100%;--awb-order-small:0;--awb-spacing-right-small:1.92%;--awb-spacing-left-small:1.92%;\"><div class=\"fusion-column-wrapper fusion-column-has-shadow fusion-flex-justify-content-flex-start fusion-content-layout-column\"><div class=\"fusion-title title fusion-title-2 fusion-sep-none fusion-title-text fusion-title-size-two\"><h2 class=\"fusion-title-heading title-heading-left\" style=\"margin:0;\">Hieronta<\/h2><\/div><div class=\"fusion-text fusion-text-2\"><p>Hieronnalla edistet\u00e4\u00e4n kehon pehmytkudosten aineenvaihduntaa ja verenkiertoa. Lihasten k\u00e4sittely lis\u00e4\u00e4 niiden joustavuutta ja v\u00e4hent\u00e4\u00e4 rasituksesta aiheutunutta kipua. Hieronta my\u00f6s rentouttaa kokonaisvaltaisesti ja rauhoittaa hermostoa, mik\u00e4 auttaa stressin s\u00e4\u00e4telyss\u00e4.<\/p>\n<p>Hierontavastaanotolla pid\u00e4mme aina mukana fysioterapeuttisen n\u00e4k\u00f6kulman. On oleellista selvitt\u00e4\u00e4, mist\u00e4 kehon kireydet ja kivut aiheutuvat, jotta niit\u00e4 voidaan ennaltaehk\u00e4ist\u00e4.<\/p>\n<\/div><div ><a class=\"fusion-button button-flat fusion-button-default-size button-default fusion-button-default button-1 fusion-button-default-span fusion-button-default-type\" target=\"_self\" href=\"https:\/\/outloud.fi\/en\/henkilosto\/\"><span class=\"fusion-button-text awb-button__text awb-button__text--default\">Get to know our therapists<\/span><\/a><\/div><\/div><\/div><div class=\"fusion-layout-column fusion_builder_column fusion-builder-column-3 fusion_builder_column_1_2 1_2 fusion-flex-column\" style=\"--awb-bg-size:cover;--awb-width-large:50%;--awb-margin-top-large:0px;--awb-spacing-right-large:3.84%;--awb-margin-bottom-large:20px;--awb-spacing-left-large:3.84%;--awb-width-medium:50%;--awb-order-medium:0;--awb-spacing-right-medium:3.84%;--awb-spacing-left-medium:3.84%;--awb-width-small:100%;--awb-order-small:0;--awb-spacing-right-small:1.92%;--awb-spacing-left-small:1.92%;\"><div class=\"fusion-column-wrapper fusion-column-has-shadow fusion-flex-justify-content-flex-start fusion-content-layout-column\"><div class=\"fusion-title title fusion-title-3 fusion-sep-none fusion-title-text fusion-title-size-three\"><h3 class=\"fusion-title-heading title-heading-left\" style=\"margin:0;\">Hinnasto<\/h3><\/div><div class=\"fusion-title title fusion-title-4 fusion-sep-none fusion-title-text fusion-title-size-four\"><h4 class=\"fusion-title-heading title-heading-left\" style=\"margin:0;\">Fysioterapia<\/h4><\/div><div class=\"fusion-text fusion-text-3\"><ul>\n<li>60 min. 65 \u20ac<br \/>\nToteutamme fysioterapiaa sek\u00e4 vastaanotolla ett\u00e4 kotik\u00e4yntein\u00e4.<\/li>\n<\/ul>\n<\/div><div class=\"fusion-title title fusion-title-5 fusion-sep-none fusion-title-text fusion-title-size-four\"><h4 class=\"fusion-title-heading title-heading-left\" style=\"margin:0;\">Hieronta<\/h4><\/div><div class=\"fusion-text fusion-text-4\"><ul>\n<li>60 min 45 \u20ac, opiskelijat 40 \u20ac<\/li>\n<li>45 min 40 \u20ac<\/li>\n<\/ul>\n<\/div><\/div><\/div><\/div><\/div><\/p>","protected":false},"excerpt":{"rendered":"","protected":false},"author":1,"featured_media":0,"parent":0,"menu_order":0,"comment_status":"closed","ping_status":"closed","template":"100-width.php","meta":{"footnotes":""},"class_list":["post-846","page","type-page","status-publish","hentry"],"_links":{"self":[{"href":"https:\/\/outloud.fi\/en\/wp-json\/wp\/v2\/pages\/846","targetHints":{"allow":["GET"]}}],"collection":[{"href":"https:\/\/outloud.fi\/en\/wp-json\/wp\/v2\/pages"}],"about":[{"href":"https:\/\/outloud.fi\/en\/wp-json\/wp\/v2\/types\/page"}],"author":[{"embeddable":true,"href":"https:\/\/outloud.fi\/en\/wp-json\/wp\/v2\/users\/1"}],"replies":[{"embeddable":true,"href":"https:\/\/outloud.fi\/en\/wp-json\/wp\/v2\/comments?post=846"}],"version-history":[{"count":67,"href":"https:\/\/outloud.fi\/en\/wp-json\/wp\/v2\/pages\/846\/revisions"}],"predecessor-version":[{"id":975,"href":"https:\/\/outloud.fi\/en\/wp-json\/wp\/v2\/pages\/846\/revisions\/975"}],"wp:attachment":[{"href":"https:\/\/outloud.fi\/en\/wp-json\/wp\/v2\/media?parent=846"}],"curies":[{"name":"wp","href":"https:\/\/api.w.org\/{rel}","templated":true}]}}